{"id":3981,"date":"2022-07-14T10:53:23","date_gmt":"2022-07-14T13:53:23","guid":{"rendered":"http:\/\/amgeng.com.br\/?page_id=3981"},"modified":"2023-04-25T14:47:06","modified_gmt":"2023-04-25T17:47:06","slug":"servicos","status":"publish","type":"page","link":"https:\/\/amgeng.com.br\/index.php\/servicos\/","title":{"rendered":"Servi\u00e7os"},"content":{"rendered":"\n<div class=\"wp-block-cover alignfull\" style=\"min-height:365px\"><span aria-hidden=\"true\" class=\"wp-block-cover__background has-background-dim-60 has-background-dim\"><\/span><img decoding=\"async\" loading=\"lazy\" width=\"1920\" height=\"1280\" class=\"wp-block-cover__image-background wp-image-5209\" alt=\"\" src=\"http:\/\/amgeng.com.br\/wp-content\/uploads\/2022\/09\/fundo-servicos2.jpg\" style=\"object-position:50% 50%\" data-object-fit=\"cover\" data-object-position=\"50% 50%\" srcset=\"https:\/\/amgeng.com.br\/wp-content\/uploads\/2022\/09\/fundo-servicos2.jpg 1920w, https:\/\/amgeng.com.br\/wp-content\/uploads\/2022\/09\/fundo-servicos2-300x200.jpg 300w, https:\/\/amgeng.com.br\/wp-content\/uploads\/2022\/09\/fundo-servicos2-1024x683.jpg 1024w, https:\/\/amgeng.com.br\/wp-content\/uploads\/2022\/09\/fundo-servicos2-768x512.jpg 768w, https:\/\/amgeng.com.br\/wp-content\/uploads\/2022\/09\/fundo-servicos2-1536x1024.jpg 1536w\" sizes=\"(max-width: 1920px) 100vw, 1920px\" \/><div class=\"wp-block-cover__inner-container\">\n<div class=\"wp-block-uagb-advanced-heading uagb-block-f6f52aaf\"><h2 class=\"uagb-heading-text\">Nossos Servi\u00e7os<\/h2><div class=\"uagb-separator\"><\/div><\/div>\n<\/div><\/div>\n\n\n\n<div class=\"wp-block-uagb-advanced-heading uagb-block-9204b63d\"><p class=\"uagb-desc-text\">N\u00d3S MOLDAMOS A VIDA DE AMANH\u00c3<\/p><\/div>\n\n\n\n<div class=\"wp-block-uagb-advanced-heading uagb-block-c43cf09b\"><h2 class=\"uagb-heading-text\">Excel\u00eancia em engenharia<br>e obras industriais<\/h2><p class=\"uagb-desc-text\">Projetamos e fabricamos produtos e servi\u00e7os para a ind\u00fastria de arquitetura,<br>setores industriais e constru\u00e7\u00e3o civil<\/p><\/div>\n\n\n\n<div class=\"wp-block-uagb-container uagb-block-d9dda173 alignfull uagb-is-root-container\"><div class=\"uagb-container-inner-blocks-wrap\">\n<div class=\"wp-block-uagb-container uagb-block-e6fb7ea6\">\n<div class=\"wp-block-uagb-advanced-heading uagb-block-8e966680\"><h3 class=\"uagb-heading-text\">Obras Industriais e Estruturas Met\u00e1licas<\/h3><\/div>\n\n\n\n<div class=\"wp-block-uagb-icon-list uagb-block-f39d3f71\"><div class=\"uagb-icon-list__wrap\">\n<div class=\"wp-block-uagb-icon-list-child uagb-block-070e1d6e\"><a target=\"_self\" aria-label=\"Fabrica\u00e7\u00e3o e Montagem de Estruturas Met\u00e1licas: Coberturas, Tubula\u00e7\u00f5es A\u00e9reas e Subterr\u00e2neas de Produtos (combust\u00edveis, g\u00e1s, \u00e1gua, vapor e outros);\" rel=\"noopener noreferrer\" href=\"#\"> <\/a><span class=\"uagb-icon-list__source-wrap\"><svg xmlns=\"https:\/\/www.w3.org\/2000\/svg\" viewBox=\"0 0 448 512\"><path d=\"M438.6 105.4C451.1 117.9 451.1 138.1 438.6 150.6L182.6 406.6C170.1 419.1 149.9 419.1 137.4 406.6L9.372 278.6C-3.124 266.1-3.124 245.9 9.372 233.4C21.87 220.9 42.13 220.9 54.63 233.4L159.1 338.7L393.4 105.4C405.9 92.88 426.1 92.88 438.6 105.4H438.6z\"><\/path><\/svg><\/span><span class=\"uagb-icon-list__label\">Fabrica\u00e7\u00e3o e Montagem de Estruturas Met\u00e1licas: Coberturas, Tubula\u00e7\u00f5es A\u00e9reas e Subterr\u00e2neas de Produtos (combust\u00edveis, g\u00e1s, \u00e1gua, vapor e outros);<\/span><\/div>\n\n\n\n<div class=\"wp-block-uagb-icon-list-child uagb-block-86f52aa5\"><a target=\"_self\" aria-label=\"Pintura Industrial e jateamento abrasivo;\" rel=\"noopener noreferrer\" href=\"#\"> <\/a><span class=\"uagb-icon-list__source-wrap\"><svg xmlns=\"https:\/\/www.w3.org\/2000\/svg\" viewBox=\"0 0 448 512\"><path d=\"M438.6 105.4C451.1 117.9 451.1 138.1 438.6 150.6L182.6 406.6C170.1 419.1 149.9 419.1 137.4 406.6L9.372 278.6C-3.124 266.1-3.124 245.9 9.372 233.4C21.87 220.9 42.13 220.9 54.63 233.4L159.1 338.7L393.4 105.4C405.9 92.88 426.1 92.88 438.6 105.4H438.6z\"><\/path><\/svg><\/span><span class=\"uagb-icon-list__label\">Pintura Industrial e jateamento abrasivo;<\/span><\/div>\n\n\n\n<div class=\"wp-block-uagb-icon-list-child uagb-block-b2a4f22c\"><a target=\"_self\" aria-label=\"Limpezas mec\u00e2nicas, manuais em tanques, tubula\u00e7\u00f5es, conex\u00f5es, estruturas met\u00e1licas, equipamentos e outras atividades afins;\" rel=\"noopener noreferrer\" href=\"#\"> <\/a><span class=\"uagb-icon-list__source-wrap\"><svg xmlns=\"https:\/\/www.w3.org\/2000\/svg\" viewBox=\"0 0 448 512\"><path d=\"M438.6 105.4C451.1 117.9 451.1 138.1 438.6 150.6L182.6 406.6C170.1 419.1 149.9 419.1 137.4 406.6L9.372 278.6C-3.124 266.1-3.124 245.9 9.372 233.4C21.87 220.9 42.13 220.9 54.63 233.4L159.1 338.7L393.4 105.4C405.9 92.88 426.1 92.88 438.6 105.4H438.6z\"><\/path><\/svg><\/span><span class=\"uagb-icon-list__label\">Limpezas mec\u00e2nicas, manuais em tanques, tubula\u00e7\u00f5es, conex\u00f5es, estruturas met\u00e1licas, equipamentos e outras atividades afins;<\/span><\/div>\n\n\n\n<div class=\"wp-block-uagb-icon-list-child uagb-block-2ebec9a6\"><a target=\"_self\" aria-label=\"Montagem Eletromec\u00e2nica;\" rel=\"noopener noreferrer\" href=\"#\"> <\/a><span class=\"uagb-icon-list__source-wrap\"><svg xmlns=\"https:\/\/www.w3.org\/2000\/svg\" viewBox=\"0 0 448 512\"><path d=\"M438.6 105.4C451.1 117.9 451.1 138.1 438.6 150.6L182.6 406.6C170.1 419.1 149.9 419.1 137.4 406.6L9.372 278.6C-3.124 266.1-3.124 245.9 9.372 233.4C21.87 220.9 42.13 220.9 54.63 233.4L159.1 338.7L393.4 105.4C405.9 92.88 426.1 92.88 438.6 105.4H438.6z\"><\/path><\/svg><\/span><span class=\"uagb-icon-list__label\">Montagem Eletromec\u00e2nica;<\/span><\/div>\n\n\n\n<div class=\"wp-block-uagb-icon-list-child uagb-block-9eb280ea\"><a target=\"_self\" aria-label=\"Instala\u00e7\u00f5es El\u00e9tricas e de Instrumenta\u00e7\u00e3o;\" rel=\"noopener noreferrer\" href=\"#\"> <\/a><span class=\"uagb-icon-list__source-wrap\"><svg xmlns=\"https:\/\/www.w3.org\/2000\/svg\" viewBox=\"0 0 448 512\"><path d=\"M438.6 105.4C451.1 117.9 451.1 138.1 438.6 150.6L182.6 406.6C170.1 419.1 149.9 419.1 137.4 406.6L9.372 278.6C-3.124 266.1-3.124 245.9 9.372 233.4C21.87 220.9 42.13 220.9 54.63 233.4L159.1 338.7L393.4 105.4C405.9 92.88 426.1 92.88 438.6 105.4H438.6z\"><\/path><\/svg><\/span><span class=\"uagb-icon-list__label\">Instala\u00e7\u00f5es El\u00e9tricas e de Instrumenta\u00e7\u00e3o;<\/span><\/div>\n\n\n\n<div class=\"wp-block-uagb-icon-list-child uagb-block-43758b01\"><a target=\"_self\" aria-label=\"Montagem de tubula\u00e7\u00e3o de PEAD;\" rel=\"noopener noreferrer\" href=\"#\"> <\/a><span class=\"uagb-icon-list__source-wrap\"><svg xmlns=\"https:\/\/www.w3.org\/2000\/svg\" viewBox=\"0 0 448 512\"><path d=\"M438.6 105.4C451.1 117.9 451.1 138.1 438.6 150.6L182.6 406.6C170.1 419.1 149.9 419.1 137.4 406.6L9.372 278.6C-3.124 266.1-3.124 245.9 9.372 233.4C21.87 220.9 42.13 220.9 54.63 233.4L159.1 338.7L393.4 105.4C405.9 92.88 426.1 92.88 438.6 105.4H438.6z\"><\/path><\/svg><\/span><span class=\"uagb-icon-list__label\">Montagem de tubula\u00e7\u00e3o de PEAD;<\/span><\/div>\n\n\n\n<div class=\"wp-block-uagb-icon-list-child uagb-block-e9198eab\"><a target=\"_self\" aria-label=\"Manuten\u00e7\u00e3o Mec\u00e2nica.\" rel=\"noopener noreferrer\" href=\"#\"> <\/a><span class=\"uagb-icon-list__source-wrap\"><svg xmlns=\"https:\/\/www.w3.org\/2000\/svg\" viewBox=\"0 0 448 512\"><path d=\"M438.6 105.4C451.1 117.9 451.1 138.1 438.6 150.6L182.6 406.6C170.1 419.1 149.9 419.1 137.4 406.6L9.372 278.6C-3.124 266.1-3.124 245.9 9.372 233.4C21.87 220.9 42.13 220.9 54.63 233.4L159.1 338.7L393.4 105.4C405.9 92.88 426.1 92.88 438.6 105.4H438.6z\"><\/path><\/svg><\/span><span class=\"uagb-icon-list__label\">Manuten\u00e7\u00e3o Mec\u00e2nica.<\/span><\/div>\n<\/div><\/div>\n<\/div>\n\n\n\n<div class=\"wp-block-uagb-container uagb-block-ad1aafb7\">\n<div class=\"wp-block-uagb-advanced-heading uagb-block-0694fbcb\"><p class=\"uagb-desc-text\">Vale &#8211; Constru\u00e7\u00e3o da Oficina de M\u00e1quinas da Via Permanente<\/p><\/div>\n<\/div>\n\n\n\n<div class=\"wp-block-uagb-container uagb-block-f5bcfb2f\">\n<div class=\"wp-block-uagb-advanced-heading uagb-block-71e3a5c1\"><p class=\"uagb-desc-text\">Vale &#8211; Constru\u00e7\u00e3o da Oficina de Pintura de Locomotivas<\/p><\/div>\n<\/div>\n\n\n\n<div class=\"wp-block-uagb-container uagb-block-0fd30318\">\n<div class=\"wp-block-uagb-advanced-heading uagb-block-208058c9\"><h3 class=\"uagb-heading-text\">Constru\u00e7\u00e3o e Engenharia<\/h3><\/div>\n\n\n\n<div class=\"wp-block-uagb-icon-list uagb-block-65f865ee\"><div class=\"uagb-icon-list__wrap\">\n<div class=\"wp-block-uagb-icon-list-child uagb-block-3c81462b\"><a target=\"_self\" aria-label=\"Edifica\u00e7\u00f5es\/Reformas e Amplia\u00e7\u00f5es Prediais em geral;\" rel=\"noopener noreferrer\" href=\"#\"> <\/a><span class=\"uagb-icon-list__source-wrap\"><svg xmlns=\"https:\/\/www.w3.org\/2000\/svg\" viewBox=\"0 0 448 512\"><path d=\"M438.6 105.4C451.1 117.9 451.1 138.1 438.6 150.6L182.6 406.6C170.1 419.1 149.9 419.1 137.4 406.6L9.372 278.6C-3.124 266.1-3.124 245.9 9.372 233.4C21.87 220.9 42.13 220.9 54.63 233.4L159.1 338.7L393.4 105.4C405.9 92.88 426.1 92.88 438.6 105.4H438.6z\"><\/path><\/svg><\/span><span class=\"uagb-icon-list__label\">Edifica\u00e7\u00f5es\/Reformas e Amplia\u00e7\u00f5es Prediais em geral;<\/span><\/div>\n\n\n\n<div class=\"wp-block-uagb-icon-list-child uagb-block-851005f9\"><a target=\"_self\" aria-label=\"Funda\u00e7\u00f5es para equipamentos;\" rel=\"noopener noreferrer\" href=\"#\"> <\/a><span class=\"uagb-icon-list__source-wrap\"><svg xmlns=\"https:\/\/www.w3.org\/2000\/svg\" viewBox=\"0 0 448 512\"><path d=\"M438.6 105.4C451.1 117.9 451.1 138.1 438.6 150.6L182.6 406.6C170.1 419.1 149.9 419.1 137.4 406.6L9.372 278.6C-3.124 266.1-3.124 245.9 9.372 233.4C21.87 220.9 42.13 220.9 54.63 233.4L159.1 338.7L393.4 105.4C405.9 92.88 426.1 92.88 438.6 105.4H438.6z\"><\/path><\/svg><\/span><span class=\"uagb-icon-list__label\">Funda\u00e7\u00f5es para equipamentos;<\/span><\/div>\n\n\n\n<div class=\"wp-block-uagb-icon-list-child uagb-block-d8f4f14a\"><a target=\"_self\" aria-label=\"Obras Civis de Apoio a Montagens Industriais;\" rel=\"noopener noreferrer\" href=\"#\"> <\/a><span class=\"uagb-icon-list__source-wrap\"><svg xmlns=\"https:\/\/www.w3.org\/2000\/svg\" viewBox=\"0 0 448 512\"><path d=\"M438.6 105.4C451.1 117.9 451.1 138.1 438.6 150.6L182.6 406.6C170.1 419.1 149.9 419.1 137.4 406.6L9.372 278.6C-3.124 266.1-3.124 245.9 9.372 233.4C21.87 220.9 42.13 220.9 54.63 233.4L159.1 338.7L393.4 105.4C405.9 92.88 426.1 92.88 438.6 105.4H438.6z\"><\/path><\/svg><\/span><span class=\"uagb-icon-list__label\">Obras Civis de Apoio a Montagens Industriais;<\/span><\/div>\n\n\n\n<div class=\"wp-block-uagb-icon-list-child uagb-block-626ad64d\"><a target=\"_self\" aria-label=\"Estruturas de Concreto Simples e Armado;\" rel=\"noopener noreferrer\" href=\"#\"> <\/a><span class=\"uagb-icon-list__source-wrap\"><svg xmlns=\"https:\/\/www.w3.org\/2000\/svg\" viewBox=\"0 0 448 512\"><path d=\"M438.6 105.4C451.1 117.9 451.1 138.1 438.6 150.6L182.6 406.6C170.1 419.1 149.9 419.1 137.4 406.6L9.372 278.6C-3.124 266.1-3.124 245.9 9.372 233.4C21.87 220.9 42.13 220.9 54.63 233.4L159.1 338.7L393.4 105.4C405.9 92.88 426.1 92.88 438.6 105.4H438.6z\"><\/path><\/svg><\/span><span class=\"uagb-icon-list__label\">Estruturas de Concreto Simples e Armado;<\/span><\/div>\n\n\n\n<div class=\"wp-block-uagb-icon-list-child uagb-block-84ce7e78\"><a target=\"_self\" aria-label=\"Sistemas El\u00e9tricos e Envelopamento de Concreto;\" rel=\"noopener noreferrer\" href=\"#\"> <\/a><span class=\"uagb-icon-list__source-wrap\"><svg xmlns=\"https:\/\/www.w3.org\/2000\/svg\" viewBox=\"0 0 448 512\"><path d=\"M438.6 105.4C451.1 117.9 451.1 138.1 438.6 150.6L182.6 406.6C170.1 419.1 149.9 419.1 137.4 406.6L9.372 278.6C-3.124 266.1-3.124 245.9 9.372 233.4C21.87 220.9 42.13 220.9 54.63 233.4L159.1 338.7L393.4 105.4C405.9 92.88 426.1 92.88 438.6 105.4H438.6z\"><\/path><\/svg><\/span><span class=\"uagb-icon-list__label\">Sistemas El\u00e9tricos e Envelopamento de Concreto;<\/span><\/div>\n\n\n\n<div class=\"wp-block-uagb-icon-list-child uagb-block-d325fb88\"><a target=\"_self\" aria-label=\"Sistema de Abastecimento de \u00c1gua \/ Drenagem Pluvial e Oleosa;\" rel=\"noopener noreferrer\" href=\"#\"> <\/a><span class=\"uagb-icon-list__source-wrap\"><svg xmlns=\"https:\/\/www.w3.org\/2000\/svg\" viewBox=\"0 0 448 512\"><path d=\"M438.6 105.4C451.1 117.9 451.1 138.1 438.6 150.6L182.6 406.6C170.1 419.1 149.9 419.1 137.4 406.6L9.372 278.6C-3.124 266.1-3.124 245.9 9.372 233.4C21.87 220.9 42.13 220.9 54.63 233.4L159.1 338.7L393.4 105.4C405.9 92.88 426.1 92.88 438.6 105.4H438.6z\"><\/path><\/svg><\/span><span class=\"uagb-icon-list__label\">Sistema de Abastecimento de \u00c1gua \/ Drenagem Pluvial e Oleosa;<\/span><\/div>\n\n\n\n<div class=\"wp-block-uagb-icon-list-child uagb-block-8acd0ffc\"><a target=\"_self\" aria-label=\"Instala\u00e7\u00e3o Hidr\u00e1ulica, Sanit\u00e1ria e El\u00e9trica;\" rel=\"noopener noreferrer\" href=\"#\"> <\/a><span class=\"uagb-icon-list__source-wrap\"><svg xmlns=\"https:\/\/www.w3.org\/2000\/svg\" viewBox=\"0 0 448 512\"><path d=\"M438.6 105.4C451.1 117.9 451.1 138.1 438.6 150.6L182.6 406.6C170.1 419.1 149.9 419.1 137.4 406.6L9.372 278.6C-3.124 266.1-3.124 245.9 9.372 233.4C21.87 220.9 42.13 220.9 54.63 233.4L159.1 338.7L393.4 105.4C405.9 92.88 426.1 92.88 438.6 105.4H438.6z\"><\/path><\/svg><\/span><span class=\"uagb-icon-list__label\">Instala\u00e7\u00e3o Hidr\u00e1ulica, Sanit\u00e1ria e El\u00e9trica;<\/span><\/div>\n\n\n\n<div class=\"wp-block-uagb-icon-list-child uagb-block-2a2db921\"><a target=\"_self\" aria-label=\"Servi\u00e7os de Terraplenagem;\" rel=\"noopener noreferrer\" href=\"#\"> <\/a><span class=\"uagb-icon-list__source-wrap\"><svg xmlns=\"https:\/\/www.w3.org\/2000\/svg\" viewBox=\"0 0 448 512\"><path d=\"M438.6 105.4C451.1 117.9 451.1 138.1 438.6 150.6L182.6 406.6C170.1 419.1 149.9 419.1 137.4 406.6L9.372 278.6C-3.124 266.1-3.124 245.9 9.372 233.4C21.87 220.9 42.13 220.9 54.63 233.4L159.1 338.7L393.4 105.4C405.9 92.88 426.1 92.88 438.6 105.4H438.6z\"><\/path><\/svg><\/span><span class=\"uagb-icon-list__label\">Servi\u00e7os de Terraplenagem;<\/span><\/div>\n\n\n\n<div class=\"wp-block-uagb-icon-list-child uagb-block-473670bd\"><a target=\"_self\" aria-label=\"Manuten\u00e7\u00e3o de Constru\u00e7\u00e3o Civil.\" rel=\"noopener noreferrer\" href=\"#\"> <\/a><span class=\"uagb-icon-list__source-wrap\"><svg xmlns=\"https:\/\/www.w3.org\/2000\/svg\" viewBox=\"0 0 448 512\"><path d=\"M438.6 105.4C451.1 117.9 451.1 138.1 438.6 150.6L182.6 406.6C170.1 419.1 149.9 419.1 137.4 406.6L9.372 278.6C-3.124 266.1-3.124 245.9 9.372 233.4C21.87 220.9 42.13 220.9 54.63 233.4L159.1 338.7L393.4 105.4C405.9 92.88 426.1 92.88 438.6 105.4H438.6z\"><\/path><\/svg><\/span><span class=\"uagb-icon-list__label\">Manuten\u00e7\u00e3o de Constru\u00e7\u00e3o Civil.<\/span><\/div>\n<\/div><\/div>\n<\/div>\n<\/div><\/div>\n\n\n\n<div class=\"is-layout-flex wp-container-5 wp-block-columns\">\n<div class=\"is-layout-flow wp-block-column\" style=\"flex-basis:100%\">\n<div class=\"is-layout-flex wp-container-3 wp-block-columns\">\n<div class=\"is-layout-flow wp-block-column\" style=\"flex-basis:100%\">\n<div class=\"inherit-container-width is-layout-constrained wp-block-group\"><div class=\"wp-block-group__inner-container\">\n<div class=\"wp-block-uagb-info-box uagb-block-d31d4414 uagb-infobox__content-wrap  uagb-infobox-icon-above-title uagb-infobox-image-valign-top\"><div class=\"uagb-ifb-content\"><div class=\"uagb-ifb-title-wrap\"><\/div><div class=\"uagb-ifb-button-wrapper wp-block-button\"><a href=\"http:\/\/amgeng.com.br\/index.php\/contato\/\" class=\"uagb-infobox-cta-link wp-block-button__link\" target=\"_self\" rel=\"noopener noreferrer\" alt=\"\"><span class=\"uagb-inline-editing\">Entre em contato<\/span><\/a><\/div><\/div><\/div>\n<\/div><\/div>\n<\/div>\n<\/div>\n<\/div>\n<\/div>\n","protected":false},"excerpt":{"rendered":"<p>N\u00d3S MOLDAMOS A VIDA DE AMANH\u00c3 Excel\u00eancia em engenhariae obras industriais Projetamos e fabricamos produtos e servi\u00e7os para a ind\u00fastria de arquitetura,setores industriais e constru\u00e7\u00e3o civil Obras Industriais e Estruturas Met\u00e1licas Vale &#8211; Constru\u00e7\u00e3o da Oficina de M\u00e1quinas da Via Permanente Vale &#8211; Constru\u00e7\u00e3o da Oficina de Pintura de Locomotivas Constru\u00e7\u00e3o e Engenharia<\/p>\n","protected":false},"author":1,"featured_media":0,"parent":0,"menu_order":0,"comment_status":"closed","ping_status":"closed","template":"","meta":{"inline_featured_image":false,"_uag_custom_page_level_css":"","site-sidebar-layout":"default","site-content-layout":"","ast-site-content-layout":"","site-content-style":"default","site-sidebar-style":"default","ast-global-header-display":"","ast-banner-title-visibility":"","ast-main-header-display":"","ast-hfb-above-header-display":"","ast-hfb-below-header-display":"","ast-hfb-mobile-header-display":"","site-post-title":"disabled","ast-breadcrumbs-content":"","ast-featured-img":"","footer-sml-layout":"","theme-transparent-header-meta":"","adv-header-id-meta":"","stick-header-meta":"","header-above-stick-meta":"","header-main-stick-meta":"","header-below-stick-meta":"","astra-migrate-meta-layouts":""},"uagb_featured_image_src":{"full":false,"thumbnail":false,"medium":false,"medium_large":false,"large":false,"1536x1536":false,"2048x2048":false},"uagb_author_info":{"display_name":"financeiro","author_link":"https:\/\/amgeng.com.br\/index.php\/author\/financeiro\/"},"uagb_comment_info":0,"uagb_excerpt":"N\u00d3S MOLDAMOS A VIDA DE AMANH\u00c3 Excel\u00eancia em engenhariae obras industriais Projetamos e fabricamos produtos e servi\u00e7os para a ind\u00fastria de arquitetura,setores industriais e constru\u00e7\u00e3o civil Obras Industriais e Estruturas Met\u00e1licas Vale &#8211; Constru\u00e7\u00e3o da Oficina de M\u00e1quinas da Via Permanente Vale &#8211; Constru\u00e7\u00e3o da Oficina de Pintura de Locomotivas Constru\u00e7\u00e3o e Engenharia","_links":{"self":[{"href":"https:\/\/amgeng.com.br\/index.php\/wp-json\/wp\/v2\/pages\/3981"}],"collection":[{"href":"https:\/\/amgeng.com.br\/index.php\/wp-json\/wp\/v2\/pages"}],"about":[{"href":"https:\/\/amgeng.com.br\/index.php\/wp-json\/wp\/v2\/types\/page"}],"author":[{"embeddable":true,"href":"https:\/\/amgeng.com.br\/index.php\/wp-json\/wp\/v2\/users\/1"}],"replies":[{"embeddable":true,"href":"https:\/\/amgeng.com.br\/index.php\/wp-json\/wp\/v2\/comments?post=3981"}],"version-history":[{"count":174,"href":"https:\/\/amgeng.com.br\/index.php\/wp-json\/wp\/v2\/pages\/3981\/revisions"}],"predecessor-version":[{"id":6458,"href":"https:\/\/amgeng.com.br\/index.php\/wp-json\/wp\/v2\/pages\/3981\/revisions\/6458"}],"wp:attachment":[{"href":"https:\/\/amgeng.com.br\/index.php\/wp-json\/wp\/v2\/media?parent=3981"}],"curies":[{"name":"wp","href":"https:\/\/api.w.org\/{rel}","templated":true}]}}