{"id":4415,"date":"2022-07-25T11:54:29","date_gmt":"2022-07-25T14:54:29","guid":{"rendered":"http:\/\/amgeng.com.br\/?page_id=4415"},"modified":"2025-08-19T13:28:21","modified_gmt":"2025-08-19T16:28:21","slug":"noticias","status":"publish","type":"page","link":"https:\/\/amgeng.com.br\/index.php\/noticias\/","title":{"rendered":"Not\u00edcias"},"content":{"rendered":"\n<div class=\"wp-block-cover alignfull\" style=\"min-height:365px\"><span aria-hidden=\"true\" class=\"wp-block-cover__background has-background-dim-60 has-background-dim\"><\/span><img decoding=\"async\" loading=\"lazy\" width=\"1920\" height=\"1155\" class=\"wp-block-cover__image-background wp-image-5690\" alt=\"\" src=\"http:\/\/amgeng.com.br\/wp-content\/uploads\/2022\/11\/fundoNoticias.jpg\" style=\"object-position:10% 92%\" data-object-fit=\"cover\" data-object-position=\"10% 92%\" srcset=\"https:\/\/amgeng.com.br\/wp-content\/uploads\/2022\/11\/fundoNoticias.jpg 1920w, https:\/\/amgeng.com.br\/wp-content\/uploads\/2022\/11\/fundoNoticias-300x180.jpg 300w, https:\/\/amgeng.com.br\/wp-content\/uploads\/2022\/11\/fundoNoticias-1024x616.jpg 1024w, https:\/\/amgeng.com.br\/wp-content\/uploads\/2022\/11\/fundoNoticias-768x462.jpg 768w, https:\/\/amgeng.com.br\/wp-content\/uploads\/2022\/11\/fundoNoticias-1536x924.jpg 1536w\" sizes=\"(max-width: 1920px) 100vw, 1920px\" \/><div class=\"wp-block-cover__inner-container\">\n<div class=\"wp-block-uagb-advanced-heading uagb-block-9b146f83\"><h2 class=\"uagb-heading-text\">Not\u00edcias<\/h2><div class=\"uagb-separator\"><\/div><\/div>\n<\/div><\/div>\n\n\n\n<div class=\"wp-block-uagb-info-box uagb-block-ecf8ea59 uagb-infobox__content-wrap  uagb-infobox-icon-above-title uagb-infobox-image-valign-top\"><div class=\"uagb-ifb-content\"><div class=\"uagb-ifb-title-wrap\"><span class=\"uagb-ifb-title-prefix\">\u00daLTIMAS NOT\u00cdCIAS<\/span><h3 class=\"uagb-ifb-title\">Acompanhe aqui as \u00faltimas<br>publica\u00e7\u00f5es da AMG Engenharia<\/h3><\/div><\/div><\/div>\n\n\n\n<p><\/p>\n\n\n\n<div class=\"wp-block-uagb-slider uagb-block-346dc46d uagb-slider-container\"><div class=\"uagb-slides uagb-swiper\"><div class=\"swiper-wrapper\">\n<div class=\"wp-block-uagb-slider-child uagb-slider-child-wrap swiper-slide uagb-block-3949a2c0\"><div class=\"swiper-content\">\n<div class=\"wp-block-uagb-container uagb-block-9afac1e8 alignfull uagb-is-root-container\"><div class=\"uagb-container-inner-blocks-wrap\">\n<div class=\"is-layout-flex wp-container-5 wp-block-columns\">\n<div class=\"is-layout-flow wp-block-column\" style=\"flex-basis:100%\">\n<div class=\"is-layout-flex wp-container-3 wp-block-columns\">\n<div class=\"is-layout-flow wp-block-column\" style=\"flex-basis:100%\">\n<div class=\"is-layout-constrained wp-block-group\"><div class=\"wp-block-group__inner-container\">\n<div class=\"wp-block-uagb-image aligncenter uagb-block-e1ea39e1 wp-block-uagb-image--layout-default wp-block-uagb-image--effect-static wp-block-uagb-image--align-center\"><figure class=\"wp-block-uagb-image__figure\"><img decoding=\"async\" srcset=\"http:\/\/amgeng.com.br\/wp-content\/uploads\/2025\/01\/2-726x1024.png \" sizes=\"(max-width: 480px) 150px\" src=\"http:\/\/amgeng.com.br\/wp-content\/uploads\/2025\/01\/2-726x1024.png\" alt=\"\" width=\"726\" height=\"1024\" title=\"\" loading=\"lazy\"\/><\/figure><\/div>\n<\/div><\/div>\n<\/div>\n<\/div>\n<\/div>\n<\/div>\n<\/div><\/div>\n<\/div><\/div>\n\n\n\n<div class=\"wp-block-uagb-slider-child uagb-slider-child-wrap swiper-slide uagb-block-e0dac55a\"><div class=\"swiper-content\">\n<div class=\"wp-block-uagb-container uagb-block-ea73173c alignfull uagb-is-root-container\"><div class=\"uagb-container-inner-blocks-wrap\">\n<div class=\"is-layout-flex wp-container-8 wp-block-columns\">\n<div class=\"is-layout-flow wp-block-column\" style=\"flex-basis:100%\">\n<div class=\"is-layout-constrained wp-block-group\"><div class=\"wp-block-group__inner-container\">\n<div class=\"wp-block-uagb-image aligncenter uagb-block-c833079d wp-block-uagb-image--layout-default wp-block-uagb-image--effect-static wp-block-uagb-image--align-center\"><figure class=\"wp-block-uagb-image__figure\"><img decoding=\"async\" srcset=\"https:\/\/amgeng.com.br\/wp-content\/uploads\/2025\/01\/Premio-Sesi-em-boas-praticas-em-sst-1024x1024.png \" sizes=\"(max-width: 480px) 150px\" src=\"https:\/\/amgeng.com.br\/wp-content\/uploads\/2025\/01\/Premio-Sesi-em-boas-praticas-em-sst-1024x1024.png\" alt=\"\" width=\"1024\" height=\"1024\" title=\"\" loading=\"lazy\"\/><\/figure><\/div>\n<\/div><\/div>\n<\/div>\n<\/div>\n<\/div><\/div>\n<\/div><\/div>\n\n\n\n<div class=\"wp-block-uagb-slider-child uagb-slider-child-wrap swiper-slide uagb-block-80749cb4\"><div class=\"swiper-content\">\n<div class=\"wp-block-uagb-container uagb-block-80cd92e4 alignfull uagb-is-root-container\"><div class=\"uagb-container-inner-blocks-wrap\">\n<div class=\"is-layout-flex wp-container-13 wp-block-columns\">\n<div class=\"is-layout-flow wp-block-column\" style=\"flex-basis:100%\">\n<div class=\"is-layout-flex wp-container-11 wp-block-columns\">\n<div class=\"is-layout-flow wp-block-column\" style=\"flex-basis:100%\">\n<div class=\"is-layout-constrained wp-block-group\"><div class=\"wp-block-group__inner-container\">\n<div class=\"wp-block-uagb-image aligncenter uagb-block-cb4df53b wp-block-uagb-image--layout-default wp-block-uagb-image--effect-static wp-block-uagb-image--align-center\"><figure class=\"wp-block-uagb-image__figure\"><img decoding=\"async\" srcset=\"https:\/\/amgeng.com.br\/wp-content\/uploads\/2025\/08\/Feliz-Dia-dos-Pais-01.pdf-6-819x1024.png \" sizes=\"(max-width: 480px) 150px\" src=\"https:\/\/amgeng.com.br\/wp-content\/uploads\/2025\/08\/Feliz-Dia-dos-Pais-01.pdf-6-819x1024.png\" alt=\"\" width=\"819\" height=\"1024\" title=\"\" loading=\"lazy\"\/><\/figure><\/div>\n<\/div><\/div>\n<\/div>\n<\/div>\n<\/div>\n<\/div>\n<\/div><\/div>\n<\/div><\/div>\n\n\n\n<div class=\"wp-block-uagb-slider-child uagb-slider-child-wrap swiper-slide uagb-block-fbf4486d\"><div class=\"swiper-content\">\n<div class=\"wp-block-uagb-container uagb-block-34256fff alignfull uagb-is-root-container\"><div class=\"uagb-container-inner-blocks-wrap\">\n<div class=\"is-layout-flex wp-container-18 wp-block-columns\">\n<div class=\"is-layout-flow wp-block-column\" style=\"flex-basis:100%\">\n<div class=\"is-layout-flex wp-container-16 wp-block-columns\">\n<div class=\"is-layout-flow wp-block-column\" style=\"flex-basis:100%\">\n<div class=\"is-layout-constrained wp-block-group\"><div class=\"wp-block-group__inner-container\">\n<div class=\"wp-block-uagb-image aligncenter uagb-block-31ed54ce wp-block-uagb-image--layout-default wp-block-uagb-image--effect-static wp-block-uagb-image--align-center\"><figure class=\"wp-block-uagb-image__figure\"><img decoding=\"async\" srcset=\"https:\/\/amgeng.com.br\/wp-content\/uploads\/2025\/08\/Entrega-do-premio-2-1024x682.png \" sizes=\"(max-width: 480px) 150px\" src=\"https:\/\/amgeng.com.br\/wp-content\/uploads\/2025\/08\/Entrega-do-premio-2-1024x682.png\" alt=\"\" width=\"1024\" height=\"682\" title=\"\" loading=\"lazy\"\/><\/figure><\/div>\n<\/div><\/div>\n<\/div>\n<\/div>\n<\/div>\n<\/div>\n<\/div><\/div>\n<\/div><\/div>\n<\/div><\/div><div class=\"swiper-pagination\"><\/div><div class=\"swiper-button-prev\"><\/div><div class=\"swiper-button-next\"><\/div><\/div>\n","protected":false},"excerpt":{"rendered":"","protected":false},"author":1,"featured_media":0,"parent":0,"menu_order":0,"comment_status":"closed","ping_status":"closed","template":"","meta":{"inline_featured_image":false,"_uag_custom_page_level_css":"","site-sidebar-layout":"default","site-content-layout":"","ast-site-content-layout":"default","site-content-style":"default","site-sidebar-style":"default","ast-global-header-display":"","ast-banner-title-visibility":"","ast-main-header-display":"","ast-hfb-above-header-display":"","ast-hfb-below-header-display":"","ast-hfb-mobile-header-display":"","site-post-title":"disabled","ast-breadcrumbs-content":"","ast-featured-img":"","footer-sml-layout":"","theme-transparent-header-meta":"","adv-header-id-meta":"","stick-header-meta":"","header-above-stick-meta":"","header-main-stick-meta":"","header-below-stick-meta":"","astra-migrate-meta-layouts":"set"},"uagb_featured_image_src":{"full":false,"thumbnail":false,"medium":false,"medium_large":false,"large":false,"1536x1536":false,"2048x2048":false},"uagb_author_info":{"display_name":"financeiro","author_link":"https:\/\/amgeng.com.br\/index.php\/author\/financeiro\/"},"uagb_comment_info":0,"uagb_excerpt":null,"_links":{"self":[{"href":"https:\/\/amgeng.com.br\/index.php\/wp-json\/wp\/v2\/pages\/4415"}],"collection":[{"href":"https:\/\/amgeng.com.br\/index.php\/wp-json\/wp\/v2\/pages"}],"about":[{"href":"https:\/\/amgeng.com.br\/index.php\/wp-json\/wp\/v2\/types\/page"}],"author":[{"embeddable":true,"href":"https:\/\/amgeng.com.br\/index.php\/wp-json\/wp\/v2\/users\/1"}],"replies":[{"embeddable":true,"href":"https:\/\/amgeng.com.br\/index.php\/wp-json\/wp\/v2\/comments?post=4415"}],"version-history":[{"count":89,"href":"https:\/\/amgeng.com.br\/index.php\/wp-json\/wp\/v2\/pages\/4415\/revisions"}],"predecessor-version":[{"id":6567,"href":"https:\/\/amgeng.com.br\/index.php\/wp-json\/wp\/v2\/pages\/4415\/revisions\/6567"}],"wp:attachment":[{"href":"https:\/\/amgeng.com.br\/index.php\/wp-json\/wp\/v2\/media?parent=4415"}],"curies":[{"name":"wp","href":"https:\/\/api.w.org\/{rel}","templated":true}]}}