{"id":5583,"date":"2022-11-01T11:10:20","date_gmt":"2022-11-01T14:10:20","guid":{"rendered":"http:\/\/amgeng.com.br\/?page_id=5583"},"modified":"2024-04-11T10:40:13","modified_gmt":"2024-04-11T13:40:13","slug":"contato","status":"publish","type":"page","link":"https:\/\/amgeng.com.br\/index.php\/contato\/","title":{"rendered":"Contato"},"content":{"rendered":"\n<div class=\"wp-block-cover alignfull\" style=\"min-height:365px\"><span aria-hidden=\"true\" class=\"wp-block-cover__background has-background-dim-60 has-background-dim\"><\/span><img decoding=\"async\" loading=\"lazy\" width=\"1920\" height=\"1282\" class=\"wp-block-cover__image-background wp-image-5515\" alt=\"\" src=\"http:\/\/amgeng.com.br\/wp-content\/uploads\/2022\/10\/contato-fundo.jpg\" data-object-fit=\"cover\" srcset=\"https:\/\/amgeng.com.br\/wp-content\/uploads\/2022\/10\/contato-fundo.jpg 1920w, https:\/\/amgeng.com.br\/wp-content\/uploads\/2022\/10\/contato-fundo-300x200.jpg 300w, https:\/\/amgeng.com.br\/wp-content\/uploads\/2022\/10\/contato-fundo-1024x684.jpg 1024w, https:\/\/amgeng.com.br\/wp-content\/uploads\/2022\/10\/contato-fundo-768x513.jpg 768w, https:\/\/amgeng.com.br\/wp-content\/uploads\/2022\/10\/contato-fundo-1536x1026.jpg 1536w\" sizes=\"(max-width: 1920px) 100vw, 1920px\" \/><div class=\"wp-block-cover__inner-container\">\n<div class=\"wp-block-uagb-advanced-heading uagb-block-9e40c047\"><h2 class=\"uagb-heading-text\">Contato<\/h2><div class=\"uagb-separator\"><\/div><\/div>\n<\/div><\/div>\n\n\n\n<div class=\"wp-block-uagb-container uagb-block-630a8fc6 alignfull uagb-is-root-container\"><div class=\"uagb-container-inner-blocks-wrap\">\n<div class=\"wp-block-uagb-container uagb-block-f4047338\">\n<div class=\"wp-block-uagb-info-box uagb-block-833402a1 uagb-infobox__content-wrap  uagb-infobox-icon-above-title uagb-infobox-image-valign-top\"><div class=\"uagb-ifb-content\"><div class=\"uagb-ifb-title-wrap\"><span class=\"uagb-ifb-title-prefix\">CONSTRUIMOS COM EXCEL\u00caNCIA<\/span><h3 class=\"uagb-ifb-title\">Como entrar em <strong>contato <\/strong>conosco<\/h3><\/div><p class=\"uagb-ifb-desc\">AMG Engenharia oferece solu\u00e7\u00f5es de constru\u00e7\u00e3o do in\u00edcio ao fim. Se voc\u00ea tiver d\u00favidas ou ideias que gostaria de compartilhar envie uma mensagem.<\/p><\/div><\/div>\n\n\n\n<div class=\"wp-block-uagb-icon-list uagb-block-f4ab111c\"><div class=\"uagb-icon-list__wrap\">\n<div class=\"wp-block-uagb-icon-list-child uagb-block-f1c5e711\"><span class=\"uagb-icon-list__source-wrap\"><img decoding=\"async\" class=\"uagb-icon-list__source-image\" src=\"http:\/\/amgeng.com.br\/wp-content\/uploads\/2022\/10\/circulo-azul-local.svg\" width=\"76\" height=\"76\" loading=\"lazy\" alt=\"\"\/><\/span><span class=\"uagb-icon-list__label\"><strong>Nossa Localiza\u00e7\u00e3o<\/strong><br>Avenida Brasil, 767, Novo Horizonte, Serra &#8211; ES<br>CEP: 29163-331<\/span><\/div>\n\n\n\n<div class=\"wp-block-uagb-icon-list-child uagb-block-164ba8ba\"><span class=\"uagb-icon-list__source-wrap\"><img decoding=\"async\" class=\"uagb-icon-list__source-image\" src=\"http:\/\/amgeng.com.br\/wp-content\/uploads\/2022\/10\/circulo-azul-telefone.svg\" width=\"76\" height=\"76\" loading=\"lazy\" alt=\"\"\/><\/span><span class=\"uagb-icon-list__label\"><strong>Nosso Contato<\/strong><br>(27) 3398-1600<br>E<em>nvie curr\u00edculo pelo Trabalhe Conosco<\/em>!<\/span><\/div>\n\n\n\n<div class=\"wp-block-uagb-icon-list-child uagb-block-0dfddcc9\"><span class=\"uagb-icon-list__source-wrap\"><img decoding=\"async\" class=\"uagb-icon-list__source-image\" src=\"http:\/\/amgeng.com.br\/wp-content\/uploads\/2022\/10\/circulo-azul-mail.svg\" width=\"76\" height=\"76\" loading=\"lazy\" alt=\"\"\/><\/span><span class=\"uagb-icon-list__label\"><strong>Nosso E-mail<\/strong><br>amgengenharia@amgeng.com.br <br>E<em>nvie curr\u00edculo pelo Trabalhe Conosco<\/em>!<\/span><\/div>\n<\/div><\/div>\n<\/div>\n\n\n\n<div class=\"wp-block-uagb-container uagb-block-9a9fde20\">\n<div class=\"wp-block-uagb-advanced-heading uagb-block-6167ed03\"><h4 class=\"uagb-heading-text\">Mensagem an\u00f4nima<\/h4><p class=\"uagb-desc-text\">Gostaria de entrar em contato conosco sem se identificar? Utilize o formul\u00e1rio abaixo.<\/p><\/div>\n\n\n\n<div class=\"forminator-guttenberg\"><div class=\"forminator-ui forminator-custom-form forminator-custom-form-5472 forminator-design--default  forminator_ajax\" data-forminator-render=\"0\" data-form=\"forminator-module-5472\" data-uid=\"69fb38d1bb97d\"><br\/><\/div><form\n\t\t\t\tid=\"forminator-module-5472\"\n\t\t\t\tclass=\"forminator-ui forminator-custom-form forminator-custom-form-5472 forminator-design--default  forminator_ajax\"\n\t\t\t\tmethod=\"post\"\n\t\t\t\tdata-forminator-render=\"0\"\n\t\t\t\tdata-form-id=\"5472\"\n\t\t\t\t\n\t\t\t\tdata-design=\"default\"\n\t\t\t\t\n\t\t\t\t\n\t\t\t\t\n\t\t\t\tdata-grid=\"open\"\n\t\t\t\t\n\t\t\t\t\n\t\t\t\tstyle=\"display: none;\"\n\t\t\t\t\n\t\t\t\tdata-uid=\"69fb38d1bb97d\"\n\t\t\t><div class=\"forminator-response-message forminator-error\" aria-hidden=\"true\"><\/div><div class=\"forminator-row\"><div id=\"name-1\" class=\"forminator-col forminator-col-12 \"><div class=\"forminator-field\"><input type=\"text\" name=\"name-1\" value=\"\" placeholder=\"Assunto\" id=\"forminator-field-name-1_69fb38d1bb97d\" class=\"forminator-input forminator-name--field\" aria-required=\"true\" \/><\/div><\/div><\/div><div class=\"forminator-row\"><div id=\"textarea-1\" class=\"forminator-col forminator-col-12 \"><div class=\"forminator-field\"><textarea name=\"textarea-1\" placeholder=\"Mensagem\" id=\"forminator-field-textarea-1_69fb38d1bb97d\" class=\"forminator-textarea\" rows=\"6\" style=\"min-height:180px;\" maxlength=\"999\" ><\/textarea><span class=\"forminator-description\"><span data-limit=\"999\" data-type=\"characters\">0 \/ 999<\/span><\/span><\/div><\/div><\/div><input type=\"hidden\" name=\"referer_url\" value=\"\" \/><div class=\"forminator-row forminator-row-last\"><div class=\"forminator-col\"><div class=\"forminator-field\"><button class=\"forminator-button forminator-button-submit\">Enviar<\/button><\/div><\/div><\/div><input type=\"hidden\" id=\"forminator_nonce\" name=\"forminator_nonce\" value=\"7738ae7d17\" \/><input type=\"hidden\" name=\"_wp_http_referer\" value=\"\/index.php\/wp-json\/wp\/v2\/pages\/5583\" \/><input type=\"hidden\" name=\"form_id\" value=\"5472\"><input type=\"hidden\" name=\"page_id\" value=\"5583\"><input type=\"hidden\" name=\"form_type\" value=\"default\"><input type=\"hidden\" name=\"current_url\" value=\"https:\/\/amgeng.com.br\/index.php\/contato\/\"><input type=\"hidden\" name=\"render_id\" value=\"0\"><input type=\"hidden\" name=\"action\" value=\"forminator_submit_form_custom-forms\"><\/form><\/div>\n<\/div>\n<\/div><\/div>\n","protected":false},"excerpt":{"rendered":"<p>Mensagem an\u00f4nima Gostaria de entrar em contato conosco sem se identificar? Utilize o formul\u00e1rio abaixo.<\/p>\n","protected":false},"author":1,"featured_media":0,"parent":0,"menu_order":0,"comment_status":"closed","ping_status":"closed","template":"","meta":{"inline_featured_image":false,"_uag_custom_page_level_css":"","site-sidebar-layout":"default","site-content-layout":"","ast-site-content-layout":"default","site-content-style":"default","site-sidebar-style":"default","ast-global-header-display":"","ast-banner-title-visibility":"","ast-main-header-display":"","ast-hfb-above-header-display":"","ast-hfb-below-header-display":"","ast-hfb-mobile-header-display":"","site-post-title":"disabled","ast-breadcrumbs-content":"","ast-featured-img":"","footer-sml-layout":"","theme-transparent-header-meta":"","adv-header-id-meta":"","stick-header-meta":"","header-above-stick-meta":"","header-main-stick-meta":"","header-below-stick-meta":"","astra-migrate-meta-layouts":"set"},"uagb_featured_image_src":{"full":false,"thumbnail":false,"medium":false,"medium_large":false,"large":false,"1536x1536":false,"2048x2048":false},"uagb_author_info":{"display_name":"financeiro","author_link":"https:\/\/amgeng.com.br\/index.php\/author\/financeiro\/"},"uagb_comment_info":0,"uagb_excerpt":"Mensagem an\u00f4nima Gostaria de entrar em contato conosco sem se identificar? Utilize o formul\u00e1rio abaixo.","_links":{"self":[{"href":"https:\/\/amgeng.com.br\/index.php\/wp-json\/wp\/v2\/pages\/5583"}],"collection":[{"href":"https:\/\/amgeng.com.br\/index.php\/wp-json\/wp\/v2\/pages"}],"about":[{"href":"https:\/\/amgeng.com.br\/index.php\/wp-json\/wp\/v2\/types\/page"}],"author":[{"embeddable":true,"href":"https:\/\/amgeng.com.br\/index.php\/wp-json\/wp\/v2\/users\/1"}],"replies":[{"embeddable":true,"href":"https:\/\/amgeng.com.br\/index.php\/wp-json\/wp\/v2\/comments?post=5583"}],"version-history":[{"count":45,"href":"https:\/\/amgeng.com.br\/index.php\/wp-json\/wp\/v2\/pages\/5583\/revisions"}],"predecessor-version":[{"id":6456,"href":"https:\/\/amgeng.com.br\/index.php\/wp-json\/wp\/v2\/pages\/5583\/revisions\/6456"}],"wp:attachment":[{"href":"https:\/\/amgeng.com.br\/index.php\/wp-json\/wp\/v2\/media?parent=5583"}],"curies":[{"name":"wp","href":"https:\/\/api.w.org\/{rel}","templated":true}]}}